{"id":7,"date":"2020-12-01T16:31:18","date_gmt":"2020-12-01T16:31:18","guid":{"rendered":"http:\/\/jeid2021:4151\/?page_id=7"},"modified":"2021-05-27T07:12:03","modified_gmt":"2021-05-27T05:12:03","slug":"pagina-home","status":"publish","type":"page","link":"https:\/\/www.fesabid.org\/jeid21\/","title":{"rendered":"Home"},"content":{"rendered":"<p>[et_pb_section fb_built=\u00bb1&#8243; fullwidth=\u00bbon\u00bb _builder_version=\u00bb4.7.3&#8243; _module_preset=\u00bbdefault\u00bb][et_pb_fullwidth_code admin_label=\u00bbCODIGO ANIMACION\u00bb _builder_version=\u00bb4.7.3&#8243; _module_preset=\u00bbdefault\u00bb]<div id=\"home-animacion\">\n\n    <div class=\"home-planeta\"><\/div>\n    <div class=\"home-nubes\"><\/div>\n    <div class=\"home-ciudad\"><\/div>\n    <div class=\"home-nave-wrap\">\n        <div class=\"home-nave\"><\/div>\n    <\/div>\n\n<\/div>\n<div class=\"home-gradient-bottom\"><\/div>\n<div class=\"patrocina-wrap\">\n    <div class=\"patrocina-duo\">\n        <div class=\"patrocina-img patrocina-img-1\"><img decoding=\"async\" src=\"https:\/\/www.fesabid.org\/jeid21\/wp-content\/themes\/Divi-pep\/assets\/jeid\/logos\/baratz.png\"><\/div>\n        <div class=\"patrocina-img patrocina-img-2\"><img decoding=\"async\" src=\"https:\/\/www.fesabid.org\/jeid21\/wp-content\/themes\/Divi-pep\/assets\/jeid\/logos\/ministerio-cultura.png\"><\/div>\n    <\/div>\n    <div class=\"patrocina-txt\">Patrocina:<\/div>\n<\/div>[\/et_pb_fullwidth_code][\/et_pb_section][et_pb_section fb_built=\u00bb1&#8243; module_class=\u00bbbox-texto-home\u00bb _builder_version=\u00bb4.7.3&#8243; _module_preset=\u00bbdefault\u00bb][et_pb_row _builder_version=\u00bb4.7.3&#8243; _module_preset=\u00bbdefault\u00bb][et_pb_column type=\u00bb4_4&#8243; _builder_version=\u00bb4.7.3&#8243; _module_preset=\u00bbdefault\u00bb][et_pb_text module_class=\u00bbtexto-home\u00bb _builder_version=\u00bb4.7.3&#8243; _module_preset=\u00bbdefault\u00bb]<\/p>\n<h1>Comunidades en el espacio:<\/h1>\n<h2>la informaci\u00f3n como veh\u00edculo al futuro. <\/h2>\n<p>[\/et_pb_text][\/et_pb_column][\/et_pb_row][\/et_pb_section][et_pb_section fb_built=\u00bb1&#8243; fullwidth=\u00bbon\u00bb _builder_version=\u00bb4.7.3&#8243; _module_preset=\u00bbdefault\u00bb][et_pb_fullwidth_code admin_label=\u00bbFRASE CINTA\u00bb _builder_version=\u00bb4.7.3&#8243; _module_preset=\u00bbdefault\u00bb] <!-- [et_pb_line_break_holder] -->     <\/p>\n<div class=\"CONTENEDORfrasesWRAP\"><!-- [et_pb_line_break_holder] -->         <\/p>\n<div class=\"frasewrap\" ><!-- [et_pb_line_break_holder] -->             <\/p>\n<div class=\"wrap1\"><!-- [et_pb_line_break_holder] -->             <\/p>\n<div class=\"texto1\">XVII Jornadas Espa\u00f1olas de Informaci\u00f3n y Documentaci\u00f3n  &#8211; 13,15,16 ABRIL-26,27 MAYO \u2013 ALCAL\u00c1 DE HENARES-MADRID &#8211; XVII Jornadas Espa\u00f1olas de Informaci\u00f3n y Documentaci\u00f3n  &#8211; 13,15,16 ABRIL-26,27 MAYO \u2013 ALCAL\u00c1 DE HENARES-MADRID &#8211;<\/div>\n<p>    <!-- [et_pb_line_break_holder] --><!-- [et_pb_line_break_holder] -->             <\/div>\n<p><!-- [et_pb_line_break_holder] -->         <\/div>\n<p><!-- [et_pb_line_break_holder] -->    <\/div>\n<p> [\/et_pb_fullwidth_code][et_pb_fullwidth_code admin_label=\u00bbBOTONES PIE HOME\u00bb _builder_version=\u00bb4.7.3&#8243; _module_preset=\u00bbdefault\u00bb hover_enabled=\u00bb0&#8243; sticky_enabled=\u00bb0&#8243;]<\/p>\n<div class=\"FOOTER-STATIC\"><!-- [et_pb_line_break_holder] -->    <\/p>\n<div id=\"cuenta-atras\" class=\"footer-medium\"><!-- [et_pb_line_break_holder] -->      <\/p>\n<div id=\"countdown\" style=\"min-height: 28px\"><!-- [et_pb_line_break_holder] -->          <!-- <a href=\"https:\/\/www.notikumi.com\/channel\/fesabid\/2021\/4\/13\/jeid21-martes-13\" target=\"_blank\" id=\"ACCEDE\" rel=\"noopener\">ACCEDE A LAS JEID<\/a>--><!-- [et_pb_line_break_holder] -->      <\/div>\n<p><!-- [et_pb_line_break_holder] -->    <\/div>\n<p><!-- [et_pb_line_break_holder] -->     <\/p>\n<div id=\"boton-home\" class=\"footer-medium\"><!-- [et_pb_line_break_holder] -->        <a href=\"#\">SABER M\u00c1S<\/a><!-- [et_pb_line_break_holder] -->    <\/div>\n<p><!-- [et_pb_line_break_holder] --><\/div>\n<p><!-- [et_pb_line_break_holder] -->[\/et_pb_fullwidth_code][\/et_pb_section]<\/p>\n","protected":false},"excerpt":{"rendered":"<p>[et_pb_section fb_built=\u00bb1&#8243; fullwidth=\u00bbon\u00bb _builder_version=\u00bb4.7.3&#8243; _module_preset=\u00bbdefault\u00bb][et_pb_fullwidth_code admin_label=\u00bbCODIGO ANIMACION\u00bb _builder_version=\u00bb4.7.3&#8243; _module_preset=\u00bbdefault\u00bb][\/et_pb_fullwidth_code][\/et_pb_section][et_pb_section fb_built=\u00bb1&#8243; module_class=\u00bbbox-texto-home\u00bb _builder_version=\u00bb4.7.3&#8243; _module_preset=\u00bbdefault\u00bb][et_pb_row _builder_version=\u00bb4.7.3&#8243; _module_preset=\u00bbdefault\u00bb][et_pb_column type=\u00bb4_4&#8243; _builder_version=\u00bb4.7.3&#8243; _module_preset=\u00bbdefault\u00bb][et_pb_text module_class=\u00bbtexto-home\u00bb _builder_version=\u00bb4.7.3&#8243; _module_preset=\u00bbdefault\u00bb] Comunidades en el espacio: la informaci\u00f3n como veh\u00edculo al futuro. [\/et_pb_text][\/et_pb_column][\/et_pb_row][\/et_pb_section][et_pb_section fb_built=\u00bb1&#8243; fullwidth=\u00bbon\u00bb _builder_version=\u00bb4.7.3&#8243; _module_preset=\u00bbdefault\u00bb][et_pb_fullwidth_code admin_label=\u00bbFRASE CINTA\u00bb _builder_version=\u00bb4.7.3&#8243; _module_preset=\u00bbdefault\u00bb] XVII Jornadas Espa\u00f1olas de Informaci\u00f3n y Documentaci\u00f3n &#8211; 13,15,16 ABRIL-26,27 MAYO \u2013 ALCAL\u00c1 DE HENARES-MADRID [&hellip;]<\/p>\n","protected":false},"author":1,"featured_media":0,"parent":0,"menu_order":1,"comment_status":"closed","ping_status":"closed","template":"jeid-home.php","meta":{"_acf_changed":false,"_et_pb_use_builder":"on","_et_pb_old_content":"","_et_gb_content_width":"","footnotes":""},"acf":[],"_links":{"self":[{"href":"https:\/\/www.fesabid.org\/jeid21\/wp-json\/wp\/v2\/pages\/7"}],"collection":[{"href":"https:\/\/www.fesabid.org\/jeid21\/wp-json\/wp\/v2\/pages"}],"about":[{"href":"https:\/\/www.fesabid.org\/jeid21\/wp-json\/wp\/v2\/types\/page"}],"author":[{"embeddable":true,"href":"https:\/\/www.fesabid.org\/jeid21\/wp-json\/wp\/v2\/users\/1"}],"replies":[{"embeddable":true,"href":"https:\/\/www.fesabid.org\/jeid21\/wp-json\/wp\/v2\/comments?post=7"}],"version-history":[{"count":33,"href":"https:\/\/www.fesabid.org\/jeid21\/wp-json\/wp\/v2\/pages\/7\/revisions"}],"predecessor-version":[{"id":939,"href":"https:\/\/www.fesabid.org\/jeid21\/wp-json\/wp\/v2\/pages\/7\/revisions\/939"}],"wp:attachment":[{"href":"https:\/\/www.fesabid.org\/jeid21\/wp-json\/wp\/v2\/media?parent=7"}],"curies":[{"name":"wp","href":"https:\/\/api.w.org\/{rel}","templated":true}]}}