{"id":423,"date":"2021-04-02T13:10:43","date_gmt":"2021-04-02T11:10:43","guid":{"rendered":"http:\/\/www.fesabid.org\/jeid21\/?page_id=423"},"modified":"2021-05-20T15:55:39","modified_gmt":"2021-05-20T13:55:39","slug":"gracias-a","status":"publish","type":"page","link":"https:\/\/www.fesabid.org\/jeid21\/gracias-a\/","title":{"rendered":"Gracias a"},"content":{"rendered":"<p>[et_pb_section fb_built=\u00bb1&#8243; fullwidth=\u00bbon\u00bb module_class=\u00bbfixed-titular-box\u00bb _builder_version=\u00bb4.7.3&#8243; _module_preset=\u00bbdefault\u00bb][et_pb_fullwidth_code admin_label=\u00bbTITULAR SECCION\u00bb module_class=\u00bbTITULARSECCION\u00bb _builder_version=\u00bb4.7.3&#8243; _module_preset=\u00bbdefault\u00bb]GRACIAS A [\/et_pb_fullwidth_code][\/et_pb_section][et_pb_section fb_built=\u00bb1&#8243; _builder_version=\u00bb4.7.3&#8243; _module_preset=\u00bbdefault\u00bb][et_pb_row _builder_version=\u00bb4.7.3&#8243; _module_preset=\u00bbdefault\u00bb][et_pb_column type=\u00bb4_4&#8243; _builder_version=\u00bb4.7.3&#8243; _module_preset=\u00bbdefault\u00bb][et_pb_code admin_label=\u00bbESPACIO SEPARADOR\u00bb module_class=\u00bbseparador-gracias\u00bb _builder_version=\u00bb4.7.3&#8243; _module_preset=\u00bbdefault\u00bb][\/et_pb_code][\/et_pb_column][\/et_pb_row][\/et_pb_section][et_pb_section fb_built=\u00bb1&#8243; module_class=\u00bbgracias-row\u00bb _builder_version=\u00bb4.7.3&#8243; _module_preset=\u00bbdefault\u00bb][et_pb_row column_structure=\u00bb1_2,1_2&#8243; module_class=\u00bbgracias-logos gracias-logos-duo\u00bb _builder_version=\u00bb4.7.3&#8243; _module_preset=\u00bbdefault\u00bb][et_pb_column type=\u00bb1_2&#8243; _builder_version=\u00bb4.7.3&#8243; _module_preset=\u00bbdefault\u00bb][et_pb_text admin_label=\u00bbNuestro patrocinador preferente\u00bb module_class=\u00bbtext-gracias-rojo\u00bb _builder_version=\u00bb4.7.3&#8243; _module_preset=\u00bbdefault\u00bb]<\/p>\n<h4 style=\"text-align: center;\">Nuestro patrocinador preferente<br \/>\n<\/h4>\n<p>[\/et_pb_text][et_pb_image src=\u00bbhttp:\/\/www.fesabid.org\/jeid21\/wp-content\/uploads\/2021\/04\/logo-baratz-gris-espiral-azul-sin-fondo.png\u00bb title_text=\u00bblogo-baratz-gris-espiral-azul-sin-fondo\u00bb admin_label=\u00bbLOGO\u00bb _builder_version=\u00bb4.7.3&#8243; _module_preset=\u00bbdefault\u00bb][\/et_pb_image][\/et_pb_column][et_pb_column type=\u00bb1_2&#8243; _builder_version=\u00bb4.7.3&#8243; _module_preset=\u00bbdefault\u00bb][et_pb_text admin_label=\u00bbCon el apoyo de\u00bb module_class=\u00bbtext-gracias-rojo\u00bb _builder_version=\u00bb4.7.3&#8243; _module_preset=\u00bbdefault\u00bb]<\/p>\n<h4 style=\"text-align: center;\">Con el apoyo de<\/h4>\n<p>[\/et_pb_text][et_pb_image src=\u00bbhttp:\/\/www.fesabid.org\/jeid21\/wp-content\/uploads\/2021\/04\/ministerio-cultura.png\u00bb title_text=\u00bbministerio-cultura\u00bb admin_label=\u00bbLOGO\u00bb _builder_version=\u00bb4.7.3&#8243; _module_preset=\u00bbdefault\u00bb][\/et_pb_image][\/et_pb_column][\/et_pb_row][\/et_pb_section][et_pb_section fb_built=\u00bb1&#8243; disabled_on=\u00bboff|off|off\u00bb module_class=\u00bbgracias-row\u00bb _builder_version=\u00bb4.7.3&#8243; _module_preset=\u00bbdefault\u00bb][et_pb_row module_class=\u00bbgracias-logos\u00bb _builder_version=\u00bb4.7.3&#8243; _module_preset=\u00bbdefault\u00bb][et_pb_column type=\u00bb4_4&#8243; _builder_version=\u00bb4.7.3&#8243; _module_preset=\u00bbdefault\u00bb][et_pb_text admin_label=\u00bbLas empresas que nos est\u00e1n apoyando\u00bb module_class=\u00bbtext-gracias-rojo\u00bb _builder_version=\u00bb4.7.3&#8243; _module_preset=\u00bbdefault\u00bb]<\/p>\n<h4 style=\"text-align: center;\"> Las empresas que nos est\u00e1n apoyando<\/h4>\n<p>[\/et_pb_text][\/et_pb_column][\/et_pb_row][et_pb_row module_class=\u00bbgracias-logos gracias-logos-impares\u00bb _builder_version=\u00bb4.7.3&#8243; _module_preset=\u00bbdefault\u00bb][et_pb_column type=\u00bb4_4&#8243; _builder_version=\u00bb4.7.3&#8243; _module_preset=\u00bbdefault\u00bb][et_pb_image src=\u00bbhttp:\/\/www.fesabid.org\/jeid21\/wp-content\/uploads\/2021\/04\/logo-oclc.png\u00bb title_text=\u00bblogo-oclc\u00bb admin_label=\u00bbLOGO\u00bb _builder_version=\u00bb4.7.3&#8243; _module_preset=\u00bbdefault\u00bb][\/et_pb_image][et_pb_image src=\u00bbhttp:\/\/www.fesabid.org\/jeid21\/wp-content\/uploads\/2021\/04\/logo-nubilum.png\u00bb title_text=\u00bblogo-nubilum\u00bb admin_label=\u00bbLOGO\u00bb _builder_version=\u00bb4.7.3&#8243; _module_preset=\u00bbdefault\u00bb][\/et_pb_image][\/et_pb_column][\/et_pb_row][\/et_pb_section][et_pb_section fb_built=\u00bb1&#8243; disabled_on=\u00bboff|off|off\u00bb module_class=\u00bbgracias-row\u00bb _builder_version=\u00bb4.7.3&#8243; _module_preset=\u00bbdefault\u00bb][et_pb_row module_class=\u00bbgracias-logos\u00bb _builder_version=\u00bb4.7.3&#8243; _module_preset=\u00bbdefault\u00bb][et_pb_column type=\u00bb4_4&#8243; _builder_version=\u00bb4.7.3&#8243; _module_preset=\u00bbdefault\u00bb][et_pb_text admin_label=\u00bbLas instituciones que nos est\u00e1n apoyando\u00bb module_class=\u00bbtext-gracias-rojo\u00bb _builder_version=\u00bb4.7.3&#8243; _module_preset=\u00bbdefault\u00bb]<\/p>\n<h4 style=\"text-align: center;\">Las asociaciones anfitrionas<\/h4>\n<p>[\/et_pb_text][\/et_pb_column][\/et_pb_row][et_pb_row module_class=\u00bbgracias-logos gracias-logos-pares\u00bb _builder_version=\u00bb4.7.3&#8243; _module_preset=\u00bbdefault\u00bb][et_pb_column type=\u00bb4_4&#8243; _builder_version=\u00bb4.7.3&#8243; _module_preset=\u00bbdefault\u00bb][et_pb_image src=\u00bbhttp:\/\/www.fesabid.org\/jeid21\/wp-content\/uploads\/2021\/04\/logo-sedic.png\u00bb title_text=\u00bblogo-sedic\u00bb admin_label=\u00bbLOGO\u00bb _builder_version=\u00bb4.7.3&#8243; _module_preset=\u00bbdefault\u00bb][\/et_pb_image][et_pb_image src=\u00bbhttp:\/\/www.fesabid.org\/jeid21\/wp-content\/uploads\/2021\/04\/logo-aedom.png\u00bb title_text=\u00bblogo-aedom\u00bb admin_label=\u00bbLOGO\u00bb _builder_version=\u00bb4.7.3&#8243; _module_preset=\u00bbdefault\u00bb][\/et_pb_image][\/et_pb_column][\/et_pb_row][\/et_pb_section][et_pb_section fb_built=\u00bb1&#8243; disabled_on=\u00bboff|off|off\u00bb module_class=\u00bbgracias-row\u00bb _builder_version=\u00bb4.7.3&#8243; _module_preset=\u00bbdefault\u00bb][et_pb_row module_class=\u00bbgracias-logos\u00bb _builder_version=\u00bb4.7.3&#8243; _module_preset=\u00bbdefault\u00bb][et_pb_column type=\u00bb4_4&#8243; _builder_version=\u00bb4.7.3&#8243; _module_preset=\u00bbdefault\u00bb][et_pb_text admin_label=\u00bbComit\u00e9 local\u00bb module_class=\u00bbtext-gracias-rojo\u00bb _builder_version=\u00bb4.7.3&#8243; _module_preset=\u00bbdefault\u00bb]<\/p>\n<h4 style=\"text-align: center;\">Comit\u00e9 local <\/h4>\n<p>[\/et_pb_text][\/et_pb_column][\/et_pb_row][et_pb_row module_class=\u00bbgracias-personas\u00bb _builder_version=\u00bb4.7.3&#8243; _module_preset=\u00bbdefault\u00bb][et_pb_column type=\u00bb4_4&#8243; _builder_version=\u00bb4.7.3&#8243; _module_preset=\u00bbdefault\u00bb][et_pb_team_member name=\u00bbEmilio del R\u00edo\u00bb position=\u00bbDirector General de Bibliotecas, Archivos y Museos del Ayuntamiento de Madrid\u00bb image_url=\u00bbhttp:\/\/www.fesabid.org\/jeid21\/wp-content\/uploads\/2021\/05\/marca_madrid_azul_pantone286.png\u00bb admin_label=\u00bbEmilio del R\u00edo\u00bb _builder_version=\u00bb4.7.3&#8243; _module_preset=\u00bbdefault\u00bb][\/et_pb_team_member][et_pb_team_member name=\u00bbDolores Ballesteros\u00bb position=\u00bbDirectora de la Biblioteca de la Universidad de Alcal\u00e1 de Henares\u00bb image_url=\u00bbhttp:\/\/www.fesabid.org\/jeid21\/wp-content\/uploads\/2021\/05\/14714910494_dd29d4e24f_o.jpg\u00bb admin_label=\u00bbDolores Ballesteros\u00bb _builder_version=\u00bb4.7.3&#8243; _module_preset=\u00bbdefault\u00bb][\/et_pb_team_member][et_pb_team_member name=\u00bbJos\u00e9 Mar\u00eda Nogales\u00bb position=\u00bbPresidente de ANABAD y Archivero de Alcal\u00e1 de Henares\u00bb image_url=\u00bbhttp:\/\/www.fesabid.org\/jeid21\/wp-content\/uploads\/2021\/05\/logo_horizontal.png\u00bb admin_label=\u00bbJos\u00e9 Mar\u00eda Nogales\u00bb _builder_version=\u00bb4.7.3&#8243; _module_preset=\u00bbdefault\u00bb][\/et_pb_team_member][et_pb_team_member name=\u00bbAna Santos\u00bb position=\u00bbDirectora de la Biblioteca Nacional de Espa\u00f1a\u00bb image_url=\u00bbhttp:\/\/www.fesabid.org\/jeid21\/wp-content\/uploads\/2021\/05\/logoBNEpositivo.jpg\u00bb image_url_last_edited=\u00bboff|desktop\u00bb admin_label=\u00bbAna Santos\u00bb _builder_version=\u00bb4.7.3&#8243; _module_preset=\u00bbdefault\u00bb image_url__hover_enabled=\u00bboff|desktop\u00bb][\/et_pb_team_member][et_pb_team_member name=\u00bbIsabel Moyano\u00bb position=\u00bbSubdirectora General del Libro de la Comunidad de Madrid\u00bb image_url=\u00bbhttp:\/\/www.fesabid.org\/jeid21\/wp-content\/uploads\/2021\/05\/logo_cm_centrocuadrado2016.png\u00bb admin_label=\u00bbIsabel Moyano\u00bb _builder_version=\u00bb4.7.3&#8243; _module_preset=\u00bbdefault\u00bb][\/et_pb_team_member][et_pb_team_member name=\u00bbJavier de Dios\u00bb position=\u00bbDirector del Centro de Documentaci\u00f3n de las Artes Esc\u00e9nicas y la M\u00fasica (CDAEM), INAEM, Ministerio de Cultura y Deporte.\u00bb image_url=\u00bbhttp:\/\/www.fesabid.org\/jeid21\/wp-content\/uploads\/2021\/05\/CDAEM_LOGO.jpg\u00bb admin_label=\u00bbJavier de Dios\u00bb _builder_version=\u00bb4.7.3&#8243; _module_preset=\u00bbdefault\u00bb][\/et_pb_team_member][et_pb_team_member name=\u00bbMercedes Mart\u00edn-Palomino y Benito\u00bb position=\u00bbDirectora del Archivo General de la Administraci\u00f3n\u00bb image_url=\u00bbhttp:\/\/www.fesabid.org\/jeid21\/wp-content\/uploads\/2021\/05\/logotipo-mcd-web.jpg\u00bb admin_label=\u00bbMercedes Mart\u00edn-Palomino y Benito\u00bb _builder_version=\u00bb4.7.3&#8243; _module_preset=\u00bbdefault\u00bb][\/et_pb_team_member][et_pb_team_member name=\u00bbJosefa Villanueva\u00bb position=\u00bbDirectora del Centro de Informaci\u00f3n y Documentaci\u00f3n de Archivos (CIDA)                \u00bb image_url=\u00bbhttp:\/\/www.fesabid.org\/jeid21\/wp-content\/uploads\/2021\/05\/logotipo-mcd-web.jpg\u00bb admin_label=\u00bbJosefa Villanueva\u00bb _builder_version=\u00bb4.7.3&#8243; _module_preset=\u00bbdefault\u00bb][\/et_pb_team_member][et_pb_team_member name=\u00bbElena Sotelo Mart\u00edn\u00bb position=\u00bbJefa de Servicio del Archivo Central del Ministerio de Educaci\u00f3n (ACME)\u00bb image_url=\u00bbhttp:\/\/www.fesabid.org\/jeid21\/wp-content\/uploads\/2021\/05\/512px-Logotipo_del_Ministerio_de_Educacion_y_Formacion_Profesional.svg_.png\u00bb admin_label=\u00bbElena Sotelo Mart\u00edn\u00bb _builder_version=\u00bb4.7.3&#8243; _module_preset=\u00bbdefault\u00bb][\/et_pb_team_member][et_pb_team_member name=\u00bbAlmudena Asenjo\u00bb position=\u00bbFundaci\u00f3n Largo Caballero\u00bb image_url=\u00bbhttp:\/\/www.fesabid.org\/jeid21\/wp-content\/uploads\/2021\/05\/unnamed-2.jpg\u00bb admin_label=\u00bbAlmudena Asenjo\u00bb _builder_version=\u00bb4.7.3&#8243; _module_preset=\u00bbdefault\u00bb][\/et_pb_team_member][et_pb_team_member name=\u00bbBeatriz Garc\u00eda Paz\u00bb position=\u00bbFundaci\u00f3n Pablo Iglesias &#8211; Archivo del Movimiento Obrero\u00bb image_url=\u00bbhttp:\/\/www.fesabid.org\/jeid21\/wp-content\/uploads\/2021\/05\/zoex5kI_400x400.jpg\u00bb admin_label=\u00bbBeatriz Garc\u00eda Paz\u00bb _builder_version=\u00bb4.7.3&#8243; _module_preset=\u00bbdefault\u00bb][\/et_pb_team_member][et_pb_team_member name=\u00bbJuli\u00e1n Torres\u00bb position=\u00bbFundaci\u00f3n Indalecio Prieto. Archivo del Movimiento Obrero\u00bb image_url=\u00bbhttp:\/\/www.fesabid.org\/jeid21\/wp-content\/uploads\/2021\/05\/T0W8AYrS_400x400.png\u00bb admin_label=\u00bbJuli\u00e1n Torres\u00bb _builder_version=\u00bb4.7.3&#8243; _module_preset=\u00bbdefault\u00bb][\/et_pb_team_member][et_pb_team_member name=\u00bbMar\u00eda Luz Gonz\u00e1lez Pe\u00f1a\u00bb position=\u00bbDirectora del Archivo CEDOA (SGAE)\u00bb image_url=\u00bbhttp:\/\/www.fesabid.org\/jeid21\/wp-content\/uploads\/2021\/05\/unnamed-1.jpg\u00bb admin_label=\u00bbMar\u00eda Luz Gonz\u00e1lez Pe\u00f1a\u00bb _builder_version=\u00bb4.7.3&#8243; _module_preset=\u00bbdefault\u00bb][\/et_pb_team_member][et_pb_team_member name=\u00bbV\u00edctor Pliego\u00bb position=\u00bbSubdirector del Real Conservatorio Superior de M\u00fasica de Madrid\u00bb image_url=\u00bbhttp:\/\/www.fesabid.org\/jeid21\/wp-content\/uploads\/2021\/05\/logo-rcsmm-vertical_500.jpg\u00bb admin_label=\u00bbV\u00edctor Pliego\u00bb _builder_version=\u00bb4.7.3&#8243; _module_preset=\u00bbdefault\u00bb hover_enabled=\u00bb0&#8243; sticky_enabled=\u00bb0&#8243;][\/et_pb_team_member][et_pb_team_member name=\u00bbYolanda de la Iglesia\u00bb position=\u00bbPresidenta de SEDIC\u00bb image_url=\u00bbhttp:\/\/www.fesabid.org\/jeid21\/wp-content\/uploads\/2021\/05\/logos-sedic-3bien_0.jpg\u00bb admin_label=\u00bbYolanda de la Iglesia\u00bb _builder_version=\u00bb4.7.3&#8243; _module_preset=\u00bbdefault\u00bb][\/et_pb_team_member][et_pb_team_member name=\u00bbMaria Teresa Delgado\u00bb position=\u00bbPresidenta de AEDOM\u00bb image_url=\u00bbhttp:\/\/www.fesabid.org\/jeid21\/wp-content\/uploads\/2021\/05\/Inbox.jpg\u00bb admin_label=\u00bbMaria Teresa Delgado\u00bb _builder_version=\u00bb4.7.3&#8243; _module_preset=\u00bbdefault\u00bb][\/et_pb_team_member][\/et_pb_column][\/et_pb_row][\/et_pb_section][et_pb_section fb_built=\u00bb1&#8243; disabled_on=\u00bboff|off|off\u00bb module_class=\u00bbgracias-row\u00bb _builder_version=\u00bb4.7.3&#8243; _module_preset=\u00bbdefault\u00bb][et_pb_row module_class=\u00bbgracias-logos\u00bb _builder_version=\u00bb4.7.3&#8243; _module_preset=\u00bbdefault\u00bb][et_pb_column type=\u00bb4_4&#8243; _builder_version=\u00bb4.7.3&#8243; _module_preset=\u00bbdefault\u00bb][et_pb_text admin_label=\u00bbComit\u00e9 cient\u00edfico\u00bb module_class=\u00bbtext-gracias-rojo\u00bb _builder_version=\u00bb4.7.3&#8243; _module_preset=\u00bbdefault\u00bb]<\/p>\n<h4 style=\"text-align: center;\">Comit\u00e9 cient\u00edfico<\/h4>\n<p>[\/et_pb_text][\/et_pb_column][\/et_pb_row][et_pb_row module_class=\u00bbgracias-personas\u00bb _builder_version=\u00bb4.7.3&#8243; _module_preset=\u00bbdefault\u00bb][et_pb_column type=\u00bb4_4&#8243; _builder_version=\u00bb4.7.3&#8243; _module_preset=\u00bbdefault\u00bb][et_pb_team_member name=\u00bbDiego Gracia\u00bb position=\u00bbCooperaci\u00f3n Internacional. SG de Coordinaci\u00f3n Bibliotecaria. Ministerio Cultura y Deporte\u00bb admin_label=\u00bbDiego Gracia\u00bb _builder_version=\u00bb4.7.3&#8243; _module_preset=\u00bbdefault\u00bb][\/et_pb_team_member][et_pb_team_member name=\u00bbAnna Br\u00f6ll\u00bb position=\u00bbJefa del Departamento de Ciencia y Universidades del Area de Cultura, Educaci\u00f3n, Ciencia y Comunidad del Ayuntamiento de Barcelona\u00bb admin_label=\u00bbAnna Br\u00f6ll\u00bb _builder_version=\u00bb4.7.3&#8243; _module_preset=\u00bbdefault\u00bb][\/et_pb_team_member][et_pb_team_member name=\u00bbJoan Carles Faus Mascarell\u00bb position=\u00bbResponsable del l\u2019Archivo Municipal Administrativo de Gand\u00eda\u00bb admin_label=\u00bbJoan Carles Faus Mascarell\u00bb _builder_version=\u00bb4.7.3&#8243; _module_preset=\u00bbdefault\u00bb][\/et_pb_team_member][et_pb_team_member name=\u00bbRaquel G\u00f3mez D\u00edaz\u00bb position=\u00bbDepartamento de Biblioteconom\u00eda y Documentaci\u00f3n de la Universidad de Salamanca\u00bb admin_label=\u00bbRaquel G\u00f3mez D\u00edaz\u00bb _builder_version=\u00bb4.7.3&#8243; _module_preset=\u00bbdefault\u00bb][\/et_pb_team_member][et_pb_team_member name=\u00bbMarcos Garc\u00eda\u00bb position=\u00bbDirector Art\u00edstico de Medialab Prado 2014-2020&#8243; admin_label=\u00bbMarcos Garc\u00eda\u00bb _builder_version=\u00bb4.7.3&#8243; _module_preset=\u00bbdefault\u00bb][\/et_pb_team_member][\/et_pb_column][\/et_pb_row][\/et_pb_section][et_pb_section fb_built=\u00bb1&#8243; disabled_on=\u00bboff|off|off\u00bb module_class=\u00bbgracias-row\u00bb _builder_version=\u00bb4.7.3&#8243; _module_preset=\u00bbdefault\u00bb][et_pb_row module_class=\u00bbgracias-logos\u00bb _builder_version=\u00bb4.7.3&#8243; _module_preset=\u00bbdefault\u00bb][et_pb_column type=\u00bb4_4&#8243; _builder_version=\u00bb4.7.3&#8243; _module_preset=\u00bbdefault\u00bb][et_pb_text admin_label=\u00bbComit\u00e9 Ejecutivo\u00bb module_class=\u00bbtext-gracias-rojo\u00bb _builder_version=\u00bb4.7.3&#8243; _module_preset=\u00bbdefault\u00bb]<\/p>\n<h4 style=\"text-align: center;\">Comit\u00e9 Ejecutivo <\/h4>\n<p>[\/et_pb_text][\/et_pb_column][\/et_pb_row][et_pb_row module_class=\u00bbgracias-personas gracias-personas-4&#8243; _builder_version=\u00bb4.7.3&#8243; _module_preset=\u00bbdefault\u00bb][et_pb_column type=\u00bb4_4&#8243; _builder_version=\u00bb4.7.3&#8243; _module_preset=\u00bbdefault\u00bb][et_pb_team_member name=\u00bbAlicia Sell\u00e9s\u00bb position=\u00bbPresidenta de FESABID\u00bb admin_label=\u00bbAlicia Sell\u00e9s\u00bb _builder_version=\u00bb4.7.3&#8243; _module_preset=\u00bbdefault\u00bb][\/et_pb_team_member][et_pb_team_member name=\u00bbElena S\u00e1nchez-Nogales\u00bb position=\u00bbSecretaria de FESABID\u00bb admin_label=\u00bbElena S\u00e1nchez-Nogales\u00bb _builder_version=\u00bb4.7.3&#8243; _module_preset=\u00bbdefault\u00bb][\/et_pb_team_member][et_pb_team_member name=\u00bbBego\u00f1a Batres\u00bb position=\u00bbGerente de FESABID\u00bb admin_label=\u00bbBego\u00f1a Batres\u00bb _builder_version=\u00bb4.7.3&#8243; _module_preset=\u00bbdefault\u00bb][\/et_pb_team_member][et_pb_team_member name=\u00bbMaria de Vallibana Serrano\u00bb position=\u00bbCoordinadora General de las JEID\u00bb admin_label=\u00bbMaria de Vallibana Serrano\u00bb _builder_version=\u00bb4.7.3&#8243; _module_preset=\u00bbdefault\u00bb][\/et_pb_team_member][\/et_pb_column][\/et_pb_row][et_pb_row _builder_version=\u00bb4.7.3&#8243; _module_preset=\u00bbdefault\u00bb][et_pb_column type=\u00bb4_4&#8243; _builder_version=\u00bb4.7.3&#8243; _module_preset=\u00bbdefault\u00bb][et_pb_divider show_divider=\u00bboff\u00bb admin_label=\u00bbespacio final vacio\u00bb module_class=\u00bbgracias-espaciador\u00bb _builder_version=\u00bb4.7.3&#8243; _module_preset=\u00bbdefault\u00bb max_width=\u00bb400px\u00bb][\/et_pb_divider][\/et_pb_column][\/et_pb_row][\/et_pb_section]<\/p>\n","protected":false},"excerpt":{"rendered":"<p>[et_pb_section fb_built=\u00bb1&#8243; fullwidth=\u00bbon\u00bb module_class=\u00bbfixed-titular-box\u00bb _builder_version=\u00bb4.7.3&#8243; _module_preset=\u00bbdefault\u00bb][et_pb_fullwidth_code admin_label=\u00bbTITULAR SECCION\u00bb module_class=\u00bbTITULARSECCION\u00bb _builder_version=\u00bb4.7.3&#8243; _module_preset=\u00bbdefault\u00bb]GRACIAS A [\/et_pb_fullwidth_code][\/et_pb_section][et_pb_section fb_built=\u00bb1&#8243; _builder_version=\u00bb4.7.3&#8243; _module_preset=\u00bbdefault\u00bb][et_pb_row _builder_version=\u00bb4.7.3&#8243; _module_preset=\u00bbdefault\u00bb][et_pb_column type=\u00bb4_4&#8243; _builder_version=\u00bb4.7.3&#8243; _module_preset=\u00bbdefault\u00bb][et_pb_code admin_label=\u00bbESPACIO SEPARADOR\u00bb module_class=\u00bbseparador-gracias\u00bb _builder_version=\u00bb4.7.3&#8243; _module_preset=\u00bbdefault\u00bb][\/et_pb_code][\/et_pb_column][\/et_pb_row][\/et_pb_section][et_pb_section fb_built=\u00bb1&#8243; module_class=\u00bbgracias-row\u00bb _builder_version=\u00bb4.7.3&#8243; _module_preset=\u00bbdefault\u00bb][et_pb_row column_structure=\u00bb1_2,1_2&#8243; module_class=\u00bbgracias-logos gracias-logos-duo\u00bb _builder_version=\u00bb4.7.3&#8243; _module_preset=\u00bbdefault\u00bb][et_pb_column type=\u00bb1_2&#8243; _builder_version=\u00bb4.7.3&#8243; _module_preset=\u00bbdefault\u00bb][et_pb_text admin_label=\u00bbNuestro patrocinador preferente\u00bb module_class=\u00bbtext-gracias-rojo\u00bb _builder_version=\u00bb4.7.3&#8243; _module_preset=\u00bbdefault\u00bb] Nuestro patrocinador preferente [\/et_pb_text][et_pb_image src=\u00bbhttp:\/\/www.fesabid.org\/jeid21\/wp-content\/uploads\/2021\/04\/logo-baratz-gris-espiral-azul-sin-fondo.png\u00bb title_text=\u00bblogo-baratz-gris-espiral-azul-sin-fondo\u00bb admin_label=\u00bbLOGO\u00bb _builder_version=\u00bb4.7.3&#8243; _module_preset=\u00bbdefault\u00bb][\/et_pb_image][\/et_pb_column][et_pb_column type=\u00bb1_2&#8243; _builder_version=\u00bb4.7.3&#8243; [&hellip;]<\/p>\n","protected":false},"author":1,"featured_media":0,"parent":0,"menu_order":8,"comment_status":"closed","ping_status":"closed","template":"page-gracias.php","meta":{"_acf_changed":false,"_et_pb_use_builder":"on","_et_pb_old_content":"","_et_gb_content_width":"","footnotes":""},"acf":[],"_links":{"self":[{"href":"https:\/\/www.fesabid.org\/jeid21\/wp-json\/wp\/v2\/pages\/423"}],"collection":[{"href":"https:\/\/www.fesabid.org\/jeid21\/wp-json\/wp\/v2\/pages"}],"about":[{"href":"https:\/\/www.fesabid.org\/jeid21\/wp-json\/wp\/v2\/types\/page"}],"author":[{"embeddable":true,"href":"https:\/\/www.fesabid.org\/jeid21\/wp-json\/wp\/v2\/users\/1"}],"replies":[{"embeddable":true,"href":"https:\/\/www.fesabid.org\/jeid21\/wp-json\/wp\/v2\/comments?post=423"}],"version-history":[{"count":8,"href":"https:\/\/www.fesabid.org\/jeid21\/wp-json\/wp\/v2\/pages\/423\/revisions"}],"predecessor-version":[{"id":884,"href":"https:\/\/www.fesabid.org\/jeid21\/wp-json\/wp\/v2\/pages\/423\/revisions\/884"}],"wp:attachment":[{"href":"https:\/\/www.fesabid.org\/jeid21\/wp-json\/wp\/v2\/media?parent=423"}],"curies":[{"name":"wp","href":"https:\/\/api.w.org\/{rel}","templated":true}]}}