{"id":230,"date":"2021-02-19T09:25:28","date_gmt":"2021-02-19T08:25:28","guid":{"rendered":"http:\/\/www.fesabid.org\/jeid21\/?page_id=230"},"modified":"2021-04-26T09:28:43","modified_gmt":"2021-04-26T07:28:43","slug":"inscribete","status":"publish","type":"page","link":"https:\/\/www.fesabid.org\/jeid21\/inscribete\/","title":{"rendered":"Inscr\u00edbete"},"content":{"rendered":"<p>[et_pb_section fb_built=\u00bb1&#8243; fullwidth=\u00bbon\u00bb module_class=\u00bbfixed-titular-box\u00bb _builder_version=\u00bb4.7.3&#8243; _module_preset=\u00bbdefault\u00bb][et_pb_fullwidth_code admin_label=\u00bbTITULAR SECCION\u00bb module_class=\u00bbTITULARSECCION\u00bb _builder_version=\u00bb4.7.3&#8243; _module_preset=\u00bbdefault\u00bb]INSCR\u00cdBETE[\/et_pb_fullwidth_code][\/et_pb_section][et_pb_section fb_built=\u00bb1&#8243; disabled_on=\u00bboff|off|off\u00bb admin_label=\u00bbCOMPRAR\u00bb module_class=\u00bbcompras  margen-superior-inscribete\u00bb _builder_version=\u00bb4.7.3&#8243; _module_preset=\u00bbdefault\u00bb][et_pb_row disabled_on=\u00bboff|off|off\u00bb module_class=\u00bbcompras-academia\u00bb _builder_version=\u00bb4.7.3&#8243; _module_preset=\u00bbdefault\u00bb][et_pb_column type=\u00bb4_4&#8243; _builder_version=\u00bb4.7.3&#8243; _module_preset=\u00bbdefault\u00bb][et_pb_text admin_label=\u00bbCOMPRAS\u00bb module_class=\u00bbpastilla-enlace\u00bb _builder_version=\u00bb4.7.3&#8243; _module_preset=\u00bbdefault\u00bb]<\/p>\n<p>Laboratorio de las JEID21 &#8211; CRAI de la Universidad de Alcal\u00e1 de Henares, 26 y 27 de mayo.  Recuerda que para inscribirte al Laboratorio debes haber participado en la Academia de las JEID21. Si no pudiste participar en la Academia pero no quieres perderte el Laboratorio, escr\u00edbenos a <a href=\"mailto:jornadas@fesabid.org\" target=\"_blank\" rel=\"noopener\" class=\"link-normal\">jornadas@fesabid.org<\/a><\/p>\n<p>[\/et_pb_text][et_pb_text admin_label=\u00bbCOMPRAS\u00bb module_class=\u00bbpastilla-enlace\u00bb _builder_version=\u00bb4.7.3&#8243; _module_preset=\u00bbdefault\u00bb]<\/p>\n<p><a href=\"https:\/\/docs.google.com\/forms\/d\/e\/1FAIpQLSfnOL2wMMTb5xRC20AiuAc0Y9ZbVfae3jeQHSVX_FaqgT3m2Q\/viewform\" target=\"_blank\" rel=\"noopener\">\u00a1Inscr\u00edbete en el Laboratorio de las JEID21!\u00a0<\/a><\/p>\n<p>[\/et_pb_text][\/et_pb_column][\/et_pb_row][\/et_pb_section][et_pb_section fb_built=\u00bb1&#8243; module_class=\u00bb DECOinterior-box interior-box-inscribete\u00bb _builder_version=\u00bb4.7.3&#8243;][et_pb_row module_class=\u00bbprecio-intro\u00bb _builder_version=\u00bb4.7.3&#8243; _module_preset=\u00bbdefault\u00bb][et_pb_column type=\u00bb4_4&#8243; _builder_version=\u00bb4.7.3&#8243; _module_preset=\u00bbdefault\u00bb][et_pb_text _builder_version=\u00bb4.7.3&#8243; _module_preset=\u00bbdefault\u00bb]Precios e inscripci\u00f3n[\/et_pb_text][\/et_pb_column][\/et_pb_row][et_pb_row module_class=\u00bbprecio-grupo\u00bb _builder_version=\u00bb4.7.3&#8243; _module_preset=\u00bbdefault\u00bb][et_pb_column type=\u00bb4_4&#8243; _builder_version=\u00bb4.7.3&#8243; _module_preset=\u00bbdefault\u00bb][et_pb_text _builder_version=\u00bb4.7.3&#8243; _module_preset=\u00bbdefault\u00bb]<\/p>\n<p>Socios de FESABID<\/p>\n<p><\/p>\n<h5>tu asociaci\u00f3n o colegio profesional te facilitar\u00e1 el c\u00f3digo de descuento<\/h5>\n<p>[\/et_pb_text][\/et_pb_column][\/et_pb_row][et_pb_row column_structure=\u00bb2_3,1_3&#8243; module_class=\u00bbprecio-fila\u00bb _builder_version=\u00bb4.7.3&#8243; _module_preset=\u00bbdefault\u00bb][et_pb_column type=\u00bb2_3&#8243; _builder_version=\u00bb4.7.3&#8243; _module_preset=\u00bbdefault\u00bb][et_pb_text module_class=\u00bbtxt-lab\u00bb _builder_version=\u00bb4.7.3&#8243; _module_preset=\u00bbdefault\u00bb hover_enabled=\u00bb0&#8243; sticky_enabled=\u00bb0&#8243;]<\/p>\n<p>Laboratorio<br \/><span class=\"txt-minimal\">previa inscripci\u00f3n a 3 d\u00edas de Academia<\/span><\/p>\n<p>[\/et_pb_text][\/et_pb_column][et_pb_column type=\u00bb1_3&#8243; _builder_version=\u00bb4.7.3&#8243; _module_preset=\u00bbdefault\u00bb][et_pb_text admin_label=\u00bbprecio\u00bb _builder_version=\u00bb4.7.3&#8243; _module_preset=\u00bbdefault\u00bb]75\u20ac[\/et_pb_text][\/et_pb_column][\/et_pb_row][et_pb_row column_structure=\u00bb2_3,1_3&#8243; module_class=\u00bbprecio-fila\u00bb _builder_version=\u00bb4.7.3&#8243; _module_preset=\u00bbdefault\u00bb][et_pb_column type=\u00bb2_3&#8243; _builder_version=\u00bb4.7.3&#8243; _module_preset=\u00bbdefault\u00bb][et_pb_text _builder_version=\u00bb4.7.3&#8243; _module_preset=\u00bbdefault\u00bb hover_enabled=\u00bb0&#8243; sticky_enabled=\u00bb0&#8243;]<\/p>\n<p>Academia 1 d\u00eda (inscripci\u00f3n cerrada)<\/p>\n<p>[\/et_pb_text][\/et_pb_column][et_pb_column type=\u00bb1_3&#8243; _builder_version=\u00bb4.7.3&#8243; _module_preset=\u00bbdefault\u00bb][et_pb_text admin_label=\u00bbprecio\u00bb _builder_version=\u00bb4.7.3&#8243; _module_preset=\u00bbdefault\u00bb]10\u20ac[\/et_pb_text][\/et_pb_column][\/et_pb_row][et_pb_row column_structure=\u00bb2_3,1_3&#8243; module_class=\u00bbprecio-fila\u00bb _builder_version=\u00bb4.7.3&#8243; _module_preset=\u00bbdefault\u00bb][et_pb_column type=\u00bb2_3&#8243; _builder_version=\u00bb4.7.3&#8243; _module_preset=\u00bbdefault\u00bb][et_pb_text _builder_version=\u00bb4.7.3&#8243; _module_preset=\u00bbdefault\u00bb hover_enabled=\u00bb0&#8243; sticky_enabled=\u00bb0&#8243;]<\/p>\n<p>Academia 3 d\u00edas (inscripci\u00f3n cerrada)<\/p>\n<p>[\/et_pb_text][\/et_pb_column][et_pb_column type=\u00bb1_3&#8243; _builder_version=\u00bb4.7.3&#8243; _module_preset=\u00bbdefault\u00bb][et_pb_text admin_label=\u00bbprecio\u00bb _builder_version=\u00bb4.7.3&#8243; _module_preset=\u00bbdefault\u00bb]25\u20ac[\/et_pb_text][\/et_pb_column][\/et_pb_row][\/et_pb_section][et_pb_section fb_built=\u00bb1&#8243; module_class=\u00bb DECOinterior-box interior-box-inscribete interior-box-inscribete-2&#8243; _builder_version=\u00bb4.7.3&#8243;][et_pb_row module_class=\u00bbprecio-grupo\u00bb _builder_version=\u00bb4.7.3&#8243; _module_preset=\u00bbdefault\u00bb][et_pb_column type=\u00bb4_4&#8243; _builder_version=\u00bb4.7.3&#8243; _module_preset=\u00bbdefault\u00bb][et_pb_text _builder_version=\u00bb4.7.3&#8243; _module_preset=\u00bbdefault\u00bb]<\/p>\n<p>No Asociados<\/p>\n<p>[\/et_pb_text][\/et_pb_column][\/et_pb_row][et_pb_row column_structure=\u00bb2_3,1_3&#8243; module_class=\u00bbprecio-fila\u00bb _builder_version=\u00bb4.7.3&#8243; _module_preset=\u00bbdefault\u00bb][et_pb_column type=\u00bb2_3&#8243; _builder_version=\u00bb4.7.3&#8243; _module_preset=\u00bbdefault\u00bb][et_pb_text module_class=\u00bbtxt-lab\u00bb _builder_version=\u00bb4.7.3&#8243; _module_preset=\u00bbdefault\u00bb]<\/p>\n<p>Laboratorio<br \/><span class=\"txt-minimal\">previa inscripci\u00f3n a 3 d\u00edas de Academia<\/span><\/p>\n<p>[\/et_pb_text][\/et_pb_column][et_pb_column type=\u00bb1_3&#8243; _builder_version=\u00bb4.7.3&#8243; _module_preset=\u00bbdefault\u00bb][et_pb_text admin_label=\u00bbprecio\u00bb _builder_version=\u00bb4.7.3&#8243; _module_preset=\u00bbdefault\u00bb]110\u20ac[\/et_pb_text][\/et_pb_column][\/et_pb_row][et_pb_row column_structure=\u00bb2_3,1_3&#8243; module_class=\u00bbprecio-fila\u00bb _builder_version=\u00bb4.7.3&#8243; _module_preset=\u00bbdefault\u00bb][et_pb_column type=\u00bb2_3&#8243; _builder_version=\u00bb4.7.3&#8243; _module_preset=\u00bbdefault\u00bb][et_pb_text _builder_version=\u00bb4.7.3&#8243; _module_preset=\u00bbdefault\u00bb hover_enabled=\u00bb0&#8243; sticky_enabled=\u00bb0&#8243;]<\/p>\n<p>Academia 1 d\u00eda (inscripci\u00f3n cerrada)<\/p>\n<p>[\/et_pb_text][\/et_pb_column][et_pb_column type=\u00bb1_3&#8243; _builder_version=\u00bb4.7.3&#8243; _module_preset=\u00bbdefault\u00bb][et_pb_text admin_label=\u00bbprecio\u00bb _builder_version=\u00bb4.7.3&#8243; _module_preset=\u00bbdefault\u00bb]15\u20ac[\/et_pb_text][\/et_pb_column][\/et_pb_row][et_pb_row column_structure=\u00bb2_3,1_3&#8243; module_class=\u00bbprecio-fila\u00bb _builder_version=\u00bb4.7.3&#8243; _module_preset=\u00bbdefault\u00bb][et_pb_column type=\u00bb2_3&#8243; _builder_version=\u00bb4.7.3&#8243; _module_preset=\u00bbdefault\u00bb][et_pb_text _builder_version=\u00bb4.7.3&#8243; _module_preset=\u00bbdefault\u00bb hover_enabled=\u00bb0&#8243; sticky_enabled=\u00bb0&#8243;]<\/p>\n<p>Academia 3 d\u00edas (inscripci\u00f3n cerrada)<\/p>\n<p>[\/et_pb_text][\/et_pb_column][et_pb_column type=\u00bb1_3&#8243; _builder_version=\u00bb4.7.3&#8243; _module_preset=\u00bbdefault\u00bb][et_pb_text admin_label=\u00bbprecio\u00bb _builder_version=\u00bb4.7.3&#8243; _module_preset=\u00bbdefault\u00bb]40\u20ac[\/et_pb_text][\/et_pb_column][\/et_pb_row][\/et_pb_section][et_pb_section fb_built=\u00bb1&#8243; fullwidth=\u00bbon\u00bb module_class=\u00bbinterior-box-inscribete-ciudad\u00bb _builder_version=\u00bb4.7.3&#8243; _module_preset=\u00bbdefault\u00bb][et_pb_fullwidth_code admin_label=\u00bbDECORACION CIUDAD\u00bb _builder_version=\u00bb4.7.3&#8243; _module_preset=\u00bbdefault\u00bb]<\/p>\n<div id=\"DECOinterior\"><!-- [et_pb_line_break_holder] --><!-- [et_pb_line_break_holder] --><!-- [et_pb_line_break_holder] --><!-- [et_pb_line_break_holder] --><\/p>\n<div class=\"DECOinterior-nubes\"><\/div>\n<p><!-- [et_pb_line_break_holder] --><!-- [et_pb_line_break_holder] --><!-- [et_pb_line_break_holder] --><\/p>\n<div class=\"DECOinterior-ciudad\"><\/div>\n<p><!-- [et_pb_line_break_holder] --><!-- [et_pb_line_break_holder] --><!-- [et_pb_line_break_holder] --><\/p>\n<div class=\"DECOinterior-nave\"><\/div>\n<p><!-- [et_pb_line_break_holder] --><!-- [et_pb_line_break_holder] --><!-- [et_pb_line_break_holder] --><!-- [et_pb_line_break_holder] --><\/div>\n<p><!-- [et_pb_line_break_holder] -->[\/et_pb_fullwidth_code][\/et_pb_section]<\/p>\n","protected":false},"excerpt":{"rendered":"<p>[et_pb_section fb_built=\u00bb1&#8243; fullwidth=\u00bbon\u00bb module_class=\u00bbfixed-titular-box\u00bb _builder_version=\u00bb4.7.3&#8243; _module_preset=\u00bbdefault\u00bb][et_pb_fullwidth_code admin_label=\u00bbTITULAR SECCION\u00bb module_class=\u00bbTITULARSECCION\u00bb _builder_version=\u00bb4.7.3&#8243; _module_preset=\u00bbdefault\u00bb]INSCR\u00cdBETE[\/et_pb_fullwidth_code][\/et_pb_section][et_pb_section fb_built=\u00bb1&#8243; disabled_on=\u00bboff|off|off\u00bb admin_label=\u00bbCOMPRAR\u00bb module_class=\u00bbcompras margen-superior-inscribete\u00bb _builder_version=\u00bb4.7.3&#8243; _module_preset=\u00bbdefault\u00bb][et_pb_row disabled_on=\u00bboff|off|off\u00bb module_class=\u00bbcompras-academia\u00bb _builder_version=\u00bb4.7.3&#8243; _module_preset=\u00bbdefault\u00bb][et_pb_column type=\u00bb4_4&#8243; _builder_version=\u00bb4.7.3&#8243; _module_preset=\u00bbdefault\u00bb][et_pb_text admin_label=\u00bbCOMPRAS\u00bb module_class=\u00bbpastilla-enlace\u00bb _builder_version=\u00bb4.7.3&#8243; _module_preset=\u00bbdefault\u00bb] Laboratorio de las JEID21 &#8211; CRAI de la Universidad de Alcal\u00e1 de Henares, 26 y 27 de mayo. Recuerda que para inscribirte al Laboratorio debes haber [&hellip;]<\/p>\n","protected":false},"author":1,"featured_media":0,"parent":0,"menu_order":0,"comment_status":"closed","ping_status":"closed","template":"","meta":{"_acf_changed":false,"_et_pb_use_builder":"on","_et_pb_old_content":"","_et_gb_content_width":"","footnotes":""},"acf":[],"_links":{"self":[{"href":"https:\/\/www.fesabid.org\/jeid21\/wp-json\/wp\/v2\/pages\/230"}],"collection":[{"href":"https:\/\/www.fesabid.org\/jeid21\/wp-json\/wp\/v2\/pages"}],"about":[{"href":"https:\/\/www.fesabid.org\/jeid21\/wp-json\/wp\/v2\/types\/page"}],"author":[{"embeddable":true,"href":"https:\/\/www.fesabid.org\/jeid21\/wp-json\/wp\/v2\/users\/1"}],"replies":[{"embeddable":true,"href":"https:\/\/www.fesabid.org\/jeid21\/wp-json\/wp\/v2\/comments?post=230"}],"version-history":[{"count":43,"href":"https:\/\/www.fesabid.org\/jeid21\/wp-json\/wp\/v2\/pages\/230\/revisions"}],"predecessor-version":[{"id":662,"href":"https:\/\/www.fesabid.org\/jeid21\/wp-json\/wp\/v2\/pages\/230\/revisions\/662"}],"wp:attachment":[{"href":"https:\/\/www.fesabid.org\/jeid21\/wp-json\/wp\/v2\/media?parent=230"}],"curies":[{"name":"wp","href":"https:\/\/api.w.org\/{rel}","templated":true}]}}