{"id":176,"date":"2020-12-28T12:59:01","date_gmt":"2020-12-28T11:59:01","guid":{"rendered":"http:\/\/www.fesabid.org\/jeid21\/?page_id=176"},"modified":"2021-05-19T18:05:23","modified_gmt":"2021-05-19T16:05:23","slug":"participa","status":"publish","type":"page","link":"https:\/\/www.fesabid.org\/jeid21\/participa\/","title":{"rendered":"Participa"},"content":{"rendered":"<p>[et_pb_section fb_built=\u00bb1&#8243; fullwidth=\u00bbon\u00bb module_class=\u00bbfixed-titular-box\u00bb _builder_version=\u00bb4.7.3&#8243; _module_preset=\u00bbdefault\u00bb][et_pb_fullwidth_code admin_label=\u00bbTITULAR SECCION\u00bb module_class=\u00bbTITULARSECCION\u00bb _builder_version=\u00bb4.7.3&#8243; _module_preset=\u00bbdefault\u00bb]PARTICIPA[\/et_pb_fullwidth_code][\/et_pb_section][et_pb_section fb_built=\u00bb1&#8243; module_class=\u00bbDECO-TEXTO DECO-TEXTO-RED\u00bb _builder_version=\u00bb4.7.3&#8243; _module_preset=\u00bbdefault\u00bb][et_pb_row _builder_version=\u00bb4.7.3&#8243; _module_preset=\u00bbdefault\u00bb][et_pb_column type=\u00bb4_4&#8243; _builder_version=\u00bb4.7.3&#8243; _module_preset=\u00bbdefault\u00bb][et_pb_text _builder_version=\u00bb4.7.3&#8243; _module_preset=\u00bbdefault\u00bb hover_enabled=\u00bb0&#8243; sticky_enabled=\u00bb0&#8243;]<\/p>\n<h1>Las video experiencias ganadoras de las JEID21 han sido:<\/h1>\n<p><\/p>\n<h2><span style=\"color: #000000;\"><strong>1. La Digitalizadora de la Memoria Colectiva<\/strong><\/span><\/h2>\n<h3 style=\"text-align: left;\"><span style=\"color: #000000;\">Miembros de La Digitalizadora de la Memoria Colectiva<\/span><\/h3>\n<p style=\"text-align: left;\"><iframe loading=\"lazy\" title=\"YouTube video player\" src=\"https:\/\/www.youtube.com\/embed\/qF2RgnSeoJo\" width=\"560\" height=\"315\" frameborder=\"0\" allowfullscreen=\"allowfullscreen\"><\/iframe><\/p>\n<h2 class=\"title style-scope ytd-video-primary-info-renderer\" style=\"text-align: left;\"><span style=\"color: #000000;\"><strong>2. El gran reto es convertir informaci\u00f3n en conocimiento \u00fatil<\/strong><\/span><\/h2>\n<h3 style=\"text-align: left;\"><span style=\"color: #000000;\">Yolanda Puchades, t\u00e9cnica I+D+i documentalista de Las Naves, Centro de Innovaci\u00f3n Social y Urbana del Ayuntamiento de Val\u00e8ncia<\/span><\/h3>\n<p style=\"text-align: left;\"><iframe loading=\"lazy\" title=\"YouTube video player\" src=\"https:\/\/www.youtube.com\/embed\/lLlukIYVtDg\" width=\"560\" height=\"315\" frameborder=\"0\" allowfullscreen=\"allowfullscreen\"><\/iframe><\/p>\n<h2 class=\"title style-scope ytd-video-primary-info-renderer\" style=\"text-align: left;\"><span style=\"color: #000000;\"><strong>3. BiblioLab 9B-Espai Jove<\/strong><\/span><\/h2>\n<h3 class=\"title style-scope ytd-video-primary-info-renderer\" style=\"text-align: left;\"><span style=\"color: #000000;\">Biblioteca Nou Barris y Biblioteca Zona Nord, de Biblioteques de Barcelona<\/span><\/h3>\n<p style=\"text-align: left;\"><iframe loading=\"lazy\" title=\"YouTube video player\" src=\"https:\/\/www.youtube.com\/embed\/028EbMN7dt0\" width=\"560\" height=\"315\" frameborder=\"0\" allowfullscreen=\"allowfullscreen\"><\/iframe><\/p>\n<h1>\u00a0<\/h1>\n<h1>\u00a1Muchas felicidades a todos y nos vemos en el Laboratorio!<\/h1>\n<p>[\/et_pb_text][\/et_pb_column][\/et_pb_row][\/et_pb_section][et_pb_section fb_built=\u00bb1&#8243; fullwidth=\u00bbon\u00bb _builder_version=\u00bb4.7.3&#8243; _module_preset=\u00bbdefault\u00bb][et_pb_fullwidth_code admin_label=\u00bbDECORACION CIUDAD\u00bb _builder_version=\u00bb4.7.3&#8243; _module_preset=\u00bbdefault\u00bb]<\/p>\n<div id=\"DECOinterior\"><!-- [et_pb_line_break_holder] -->  <\/p>\n<div class=\"DECOinterior-nubes-2\"><\/div>\n<p><!-- [et_pb_line_break_holder] -->  <\/p>\n<div class=\"DECOinterior-ciudad\"><\/div>\n<p><!-- [et_pb_line_break_holder] -->  <\/p>\n<div class=\"DECOinterior-nave\"><\/div>\n<p><!-- [et_pb_line_break_holder] --><\/div>\n<p>[\/et_pb_fullwidth_code][\/et_pb_section][et_pb_section fb_built=\u00bb1&#8243; module_class=\u00bbbox-red\u00bb _builder_version=\u00bb4.7.3&#8243;][et_pb_row module_class=\u00bbbox-red-texto-destacado\u00bb _builder_version=\u00bb4.7.3&#8243; _module_preset=\u00bbdefault\u00bb][et_pb_column type=\u00bb4_4&#8243; _builder_version=\u00bb4.7.3&#8243; _module_preset=\u00bbdefault\u00bb][et_pb_text admin_label=\u00bbtexto destacado\u00bb _builder_version=\u00bb4.7.3&#8243; _module_preset=\u00bbdefault\u00bb]<\/p>\n<p>Dentro del marco de #JEID21 hacemos una llamada de contribuciones con el objetivo de conocer las experiencias que se han realizado o se est\u00e1n realizando, o la visi\u00f3n de futuro de la profesi\u00f3n. El formato de las contribuciones ser\u00e1 en formato de v\u00eddeo.\u00a0\u00a0<\/p>\n<p>[\/et_pb_text][\/et_pb_column][\/et_pb_row][et_pb_row admin_label=\u00bbBOX DESTACADO BLANCO\u00bb module_class=\u00bb DECOinterior-box  DECOinterior-box-red\u00bb _builder_version=\u00bb4.7.3&#8243; _module_preset=\u00bbdefault\u00bb][et_pb_column type=\u00bb4_4&#8243; module_class=\u00bbDECO-wrap-jeid\u00bb _builder_version=\u00bb4.7.3&#8243; _module_preset=\u00bbdefault\u00bb][et_pb_text _builder_version=\u00bb4.7.3&#8243; _module_preset=\u00bbdefault\u00bb]<\/p>\n<p>Las contribuciones podr\u00e1n enmarcarse dentro de cualquiera de los tres ejes del congreso:<\/p>\n<p>[\/et_pb_text][et_pb_text admin_label=\u00bbEJE1&#8243; module_class=\u00bbeje-texto eje-1-texto\u00bb _builder_version=\u00bb4.7.3&#8243; _module_preset=\u00bbdefault\u00bb]<\/p>\n<h4>Eje 1<\/h4>\n<h5>JEID 2021<\/h5>\n<h2>COMUNIDADES ACTIVAS <span>Instituciones culturales para la colaboraci\u00f3n, la experimentaci\u00f3n y la creaci\u00f3n colectiva.\u00a0 <\/span><\/h2>\n<p>[\/et_pb_text][et_pb_text admin_label=\u00bbEJE2&#8243; module_class=\u00bbeje-texto eje-2-texto\u00bb _builder_version=\u00bb4.7.3&#8243; _module_preset=\u00bbdefault\u00bb]<\/p>\n<h4>Eje 2<\/h4>\n<h5>JEID 2021<\/h5>\n<h2>INCIDENCIA POL\u00cdTICA DE LA PROFESI\u00d3N <span>Gobernanza de la informaci\u00f3n para una nueva pol\u00edtica  <\/span<\/h2>\n<p>[\/et_pb_text][et_pb_text admin_label=\u00bbEJE3&#8243; module_class=\u00bbeje-texto eje-3-texto\u00bb _builder_version=\u00bb4.7.3&#8243; _module_preset=\u00bbdefault\u00bb]<\/p>\n<h4>Eje 3<\/h4>\n<h5>JEID 2021<\/h5>\n<h2> (CIBER)PROFESIONALES O (TRANS)HUMANOS?  <span>Transformarse para sobrevivir<\/span<\/h2>\n<p>[\/et_pb_text][\/et_pb_column][\/et_pb_row][\/et_pb_section][et_pb_section fb_built=\u00bb1&#8243; module_class=\u00bbbox-red box-gold\u00bb _builder_version=\u00bb4.7.3&#8243; _module_preset=\u00bbdefault\u00bb][et_pb_row _builder_version=\u00bb4.7.3&#8243; _module_preset=\u00bbdefault\u00bb][et_pb_column type=\u00bb4_4&#8243; _builder_version=\u00bb4.7.3&#8243; _module_preset=\u00bbdefault\u00bb][et_pb_text admin_label=\u00bbparrafo\u00bb module_class=\u00bbtitular-black\u00bb _builder_version=\u00bb4.7.3&#8243; _module_preset=\u00bbdefault\u00bb]<\/p>\n<p>VIDEOEXPERIENCIAS ACEPTADAS<\/p>\n<p>[\/et_pb_text][et_pb_text admin_label=\u00bblistado\u00bb module_class=\u00bbtitular-white\u00bb _builder_version=\u00bb4.7.3&#8243; _module_preset=\u00bbdefault\u00bb]<\/p>\n<ul>\n<li><strong>Bibliolab: 10 aprendizajes para crear laboratorios ciudadanos en las bibliotecas<\/strong>. <em>S\u00f2nia Andr\u00e9s Peir\u00f3, Ester Omella Claparols, Andreu Orte del Molino, Enric Vilagrosa Alqu\u00e9zar.<\/em> Diputaci\u00f3 de Barcelona. Ger\u00e8ncia de Serveis de Biblioteques<\/li>\n<li><strong>Experimentaci\u00f3n y aprendizaje colaborativo en el American Space Barcelona de la Biblioteca Ignasi Igl\u00e9sias-Can Fabra. <\/strong><em>Ferran Armengol Juan, Marta Cervell\u00f3 V\u00e1zquez, Gemma Domingo Espinet, Sergi Gil Sala y Ana Villanueva Fortea. <\/em>Biblioteca Ignasi Igl\u00e9sias-Can Fabra (Barcelona).<\/li>\n<li><strong>Club de v\u00eddeo (juego) en la biblioteca: Laboratorio de ficci\u00f3n digital infantil y juvenil en la Red de Bibliotecas P\u00fablicas de la provincia de Barcelona<\/strong>. <em>Montserrat \u00c1lvarez-Mass\u00f3, Cristina Mier.<\/em> Gerencia de Servicios de Bibliotecas de la Diputaci\u00f3n de Barcelona<\/li>\n<li><strong>BiblioLab 9B-Espai Jove.<\/strong> Biblioteca Nou Barris y Biblioteca Zona Nord, de Biblioteques de Barcelona<\/li>\n<li><strong>COVID-19 y gesti\u00f3n cultural en las bibliotecas p\u00fablicas, una experiencia personal. <\/strong><em>Pedro Qu\u00edlez Sim\u00f3n, t\u00e9cnico en promoci\u00f3n cultural. <\/em>Biblioteca Regional de Murcia.<\/li>\n<li><strong>La Digitalizadora de la Memoria Colectiva. <\/strong><em>Miembros de La Digitalizadora de la Memoria Colectiva.\u00a0<\/em><strong><br \/><\/strong><\/li>\n<li>#<strong>museuobert: fuerzas colectivas para la difusi\u00f3n cultural. <\/strong><em>Irene G\u00f3mez Di\u00e9guez (irene.gomez@coeli.cat). <\/em>Nubilum<\/li>\n<li><strong>Escriure de cinema. Los usuarios escriben de cine. <\/strong><em>Montserrat \u00c1lvarez-Mass\u00f3 i Jaume Felipe.<\/em> Gerencia de Servicios de Bibliotecas de la Diputaci\u00f3n de Barcelona<\/li>\n<li><strong>BiblioLab: Innovaci\u00f3n Social y Ciencia Ciudadana (ISC2). <\/strong><em>Laura Sol\u00e0, Biblioteca de Volpelleres Miquel Batllori, Sant Cugat del Vall\u00e8s<\/em><br \/><em>N\u00faria Ojalvo Leonat, Biblioteca Central de Cerdanyola, Cerdanyola del Vall\u00e8s<\/em><br \/><em>Miracle Vilella y Jordi Bosch, Biblioteca Vapor Badia, Sabadell<\/em><\/li>\n<li><strong>Fem-ho! Biblioteca p\u00fablica Les Roquetes y participaci\u00f3n vecinal. <\/strong>Biblioteca Les Roquetes. Biblioteques de Barcelona.<\/li>\n<li><strong>V\u00eddeo-presentaci\u00f3n de SEDIC: \u00abRedise\u00f1ando lo que somos para renovar lo que hacemos\u00bb<\/strong>. <em>SEDIC<\/em><\/li>\n<li><strong>AEDOM, la fusi\u00f3n de profesionales de bibliotecas, archivos y centros de documentaci\u00f3n musical.<\/strong> <em>Junta Directiva de AEDOM<\/em><\/li>\n<li><strong>La m\u00fasica y la danza en el CDAEM: recursos para el estudio, la investigaci\u00f3n y el disfrute colectivo<\/strong>. <em>Equipo de documentalistas y Unidad T\u00e9cnica de Audiovisuales. Centro de Documentaci\u00f3n de las Artes Esc\u00e9nicas y la M\u00fasica (CDAEM)<\/em><\/li>\n<li><strong>BNE: M\u00fasica, im\u00e1genes, palabras, preservaci\u00f3n y difusi\u00f3n al servicio de la sociedad y el futuro.<\/strong> Biblioteca Nacional de Espa\u00f1a<\/li>\n<li><strong>Catalogaci\u00f3n y microfilmaci\u00f3n de los Archivos Musicales de las Catedrales de Andaluc\u00eda<\/strong>. Centro de Documentaci\u00f3n Musical de Andaluc\u00eda.<\/li>\n<li><strong>Lo que el silencio nos advierte.<\/strong> <em>Comisi\u00f3n de registros sonoros de la asociaci\u00f3n espa\u00f1ola de documentaci\u00f3n musical de la AEDOM<\/em><\/li>\n<li><strong>Biblioteca-CRAI del ESMUC: una adaptacio\u0301n musical a los nuevos tiempos<\/strong>. <em>Mar Gonza\u0301lez Villanueva<\/em>. Biblioteca-CRAI del ESMUC<\/li>\n<li><strong>\u00bfQuieres clasificar autom\u00e1ticamente tus colecciones por \u00e1reas tem\u00e1ticas?<\/strong> <em>Josefa Fuentes Garc\u00eda, Directora de Documentaci\u00f3n del Senado<\/em><\/li>\n<li><strong>Memes, coronavirus y curacio\u0301n de contenidos. <\/strong><em>Amparo Pons Cortell, Sergio Baggetto Pe\u0301rez de las Vacas, Carles Penya-roja Marti\u0301nez.\u00a0<\/em>Biblioteca de L\u2019ETNO, Museu Valencia\u0300 d\u2019Etnologia<\/li>\n<li><strong>El gran reto es convertir informacio\u0301n en conocimiento u\u0301til.<\/strong> <em>Yolanda Puchades.<\/em> Las Naves, Centro de Innovacio\u0301n Social y Urbana del Ayuntamiento de Vale\u0300ncia.<\/li>\n<\/ul>\n<p>[\/et_pb_text][et_pb_divider show_divider=\u00bboff\u00bb _builder_version=\u00bb4.7.3&#8243; _module_preset=\u00bbdefault\u00bb height=\u00bb70px\u00bb][\/et_pb_divider][\/et_pb_column][\/et_pb_row][et_pb_row _builder_version=\u00bb4.7.3&#8243; _module_preset=\u00bbdefault\u00bb][et_pb_column type=\u00bb4_4&#8243; _builder_version=\u00bb4.7.3&#8243; _module_preset=\u00bbdefault\u00bb][et_pb_text admin_label=\u00bbparrafo\u00bb module_class=\u00bbtitular-black\u00bb _builder_version=\u00bb4.7.3&#8243; _module_preset=\u00bbdefault\u00bb]<\/p>\n<p>Los v\u00eddeos aceptados por el Comit\u00e9 Cient\u00edfico se enviar\u00e1n a jornadas@fesabid.org hasta el 5 de abril y contar\u00e1n con las siguientes caracter\u00edsticas:<\/p>\n<p>[\/et_pb_text][et_pb_text admin_label=\u00bblistado\u00bb module_class=\u00bbtitular-white\u00bb _builder_version=\u00bb4.7.3&#8243; _module_preset=\u00bbdefault\u00bb]<\/p>\n<ul>\n<li>Formato: MP4 (archivo limpio, sin compresi\u00f3n).<\/li>\n<li>Menci\u00f3n: En el v\u00eddeo debe constar el t\u00edtulo, nombre de los autores, as\u00ed como el nombre de las jornadas.<\/li>\n<li>Idioma: Los v\u00eddeos pueden ser en cualquier idioma, pero deben estar subtitulados en castellano.<\/li>\n<li>Derechos: Los autores del v\u00eddeo se comprometen a que las im\u00e1genes y m\u00fasica ser\u00e1 libre de derechos para que se pueda reproducir libremente durante el congreso y con posterioridad a \u00e9l a trav\u00e9s de los canales que se estime oportuno.<\/li>\n<li>Extensi\u00f3n: breve (59 segundos), extendida (hasta 5 minutos)<\/li>\n<li>Env\u00edo: deben enviarse a <a href=\"mailto:jornadas@fesabid.org\">jornadas@fesabid.org<\/a> , con el ASUNTO <strong>Contribuci\u00f3n-JEID21-ApellidoNombre1rAutor<\/strong>, antes del 5 de abril de 2021.<\/li>\n<li>Presentaci\u00f3n: Para que la contribuci\u00f3n en formato v\u00eddeo pueda presentarse en las JEID21, al menos 1 autor de la experiencia debe estar inscrito en las Jornadas.\u00a0<\/li>\n<\/ul>\n<p>[\/et_pb_text][\/et_pb_column][\/et_pb_row][\/et_pb_section][et_pb_section fb_built=\u00bb1&#8243; module_class=\u00bbbox-azul box-azul-ciudad\u00bb _builder_version=\u00bb4.7.3&#8243; _module_preset=\u00bbdefault\u00bb][et_pb_row _builder_version=\u00bb4.7.3&#8243; _module_preset=\u00bbdefault\u00bb][et_pb_column type=\u00bb4_4&#8243; _builder_version=\u00bb4.7.3&#8243; _module_preset=\u00bbdefault\u00bb][et_pb_text admin_label=\u00bbparrafo\u00bb module_class=\u00bbtitular-dark\u00bb _builder_version=\u00bb4.7.3&#8243; _module_preset=\u00bbdefault\u00bb]<\/p>\n<p>Las video experiencias estar\u00e1n accesibles en el canal de Youtube de FESABID. Los tres v\u00eddeos que reciban m\u00e1s &#8216;Me gusta&#8217; hasta el d\u00eda 30 de abril a las 21:00 horas recibir\u00e1n una inscripci\u00f3n gratuita al Laboratorio de las JEID21.\u00a0<\/p>\n<p>[\/et_pb_text][et_pb_text admin_label=\u00bbparrafo\u00bb module_class=\u00bbtitular-white\u00bb _builder_version=\u00bb4.7.3&#8243; _module_preset=\u00bbdefault\u00bb]<\/p>\n<h3>Queremos unas jornadas participativas y, por supuesto, tambi\u00e9n divertidas. \u00a1AN\u00cdMATE A PARTICIPAR!<\/h3>\n<p>[\/et_pb_text][\/et_pb_column][\/et_pb_row][\/et_pb_section]<\/p>\n","protected":false},"excerpt":{"rendered":"<p>[et_pb_section fb_built=\u00bb1&#8243; fullwidth=\u00bbon\u00bb module_class=\u00bbfixed-titular-box\u00bb _builder_version=\u00bb4.7.3&#8243; _module_preset=\u00bbdefault\u00bb][et_pb_fullwidth_code admin_label=\u00bbTITULAR SECCION\u00bb module_class=\u00bbTITULARSECCION\u00bb _builder_version=\u00bb4.7.3&#8243; _module_preset=\u00bbdefault\u00bb]PARTICIPA[\/et_pb_fullwidth_code][\/et_pb_section][et_pb_section fb_built=\u00bb1&#8243; module_class=\u00bbDECO-TEXTO DECO-TEXTO-RED\u00bb _builder_version=\u00bb4.7.3&#8243; _module_preset=\u00bbdefault\u00bb][et_pb_row _builder_version=\u00bb4.7.3&#8243; _module_preset=\u00bbdefault\u00bb][et_pb_column type=\u00bb4_4&#8243; _builder_version=\u00bb4.7.3&#8243; _module_preset=\u00bbdefault\u00bb][et_pb_text _builder_version=\u00bb4.7.3&#8243; _module_preset=\u00bbdefault\u00bb hover_enabled=\u00bb0&#8243; sticky_enabled=\u00bb0&#8243;] Las video experiencias ganadoras de las JEID21 han sido: 1. La Digitalizadora de la Memoria Colectiva Miembros de La Digitalizadora de la Memoria Colectiva 2. El gran reto es convertir [&hellip;]<\/p>\n","protected":false},"author":1,"featured_media":0,"parent":0,"menu_order":0,"comment_status":"closed","ping_status":"closed","template":"","meta":{"_acf_changed":false,"_et_pb_use_builder":"on","_et_pb_old_content":"","_et_gb_content_width":"","footnotes":""},"acf":[],"_links":{"self":[{"href":"https:\/\/www.fesabid.org\/jeid21\/wp-json\/wp\/v2\/pages\/176"}],"collection":[{"href":"https:\/\/www.fesabid.org\/jeid21\/wp-json\/wp\/v2\/pages"}],"about":[{"href":"https:\/\/www.fesabid.org\/jeid21\/wp-json\/wp\/v2\/types\/page"}],"author":[{"embeddable":true,"href":"https:\/\/www.fesabid.org\/jeid21\/wp-json\/wp\/v2\/users\/1"}],"replies":[{"embeddable":true,"href":"https:\/\/www.fesabid.org\/jeid21\/wp-json\/wp\/v2\/comments?post=176"}],"version-history":[{"count":31,"href":"https:\/\/www.fesabid.org\/jeid21\/wp-json\/wp\/v2\/pages\/176\/revisions"}],"predecessor-version":[{"id":840,"href":"https:\/\/www.fesabid.org\/jeid21\/wp-json\/wp\/v2\/pages\/176\/revisions\/840"}],"wp:attachment":[{"href":"https:\/\/www.fesabid.org\/jeid21\/wp-json\/wp\/v2\/media?parent=176"}],"curies":[{"name":"wp","href":"https:\/\/api.w.org\/{rel}","templated":true}]}}